{"id":329,"date":"2015-07-10T20:46:14","date_gmt":"2015-07-10T19:46:14","guid":{"rendered":"http:\/\/festivalfalardeau.com\/portail2\/?page_id=329"},"modified":"2025-04-14T02:12:49","modified_gmt":"2025-04-14T01:12:49","slug":"contactez-nous","status":"publish","type":"page","link":"https:\/\/festivalfalardeau.com\/portail2\/contactez-nous\/","title":{"rendered":"Contactez-nous"},"content":{"rendered":"\t\t<div data-elementor-type=\"wp-page\" data-elementor-id=\"329\" class=\"elementor elementor-329\">\n\t\t\t\t\t\t<section class=\"elementor-section elementor-top-section elementor-element elementor-element-bbce93b elementor-section-boxed elementor-section-height-default elementor-section-height-default\" data-id=\"bbce93b\" data-element_type=\"section\">\n\t\t\t\t\t\t<div class=\"elementor-container elementor-column-gap-default\">\n\t\t\t\t\t<div class=\"elementor-column elementor-col-33 elementor-top-column elementor-element elementor-element-34d0f00\" data-id=\"34d0f00\" data-element_type=\"column\">\n\t\t\t<div class=\"elementor-widget-wrap elementor-element-populated\">\n\t\t\t\t\t\t<div class=\"elementor-element elementor-element-9283372 elementor-widget elementor-widget-text-editor\" data-id=\"9283372\" data-element_type=\"widget\" data-widget_type=\"text-editor.default\">\n\t\t\t\t<div class=\"elementor-widget-container\">\n\t\t\t\t\t\t\t\t\t<p><strong>Information :<\/strong><br \/>418-540-5700<br \/><a href=\"mailto:festivalfalardeau@gmail.com\">festivalfalardeau@gmail.com<\/a><\/p><p><strong>Site du Festival :<\/strong><br \/>51 rue du Chalet<br \/>Falardeau (Qu\u00e9bec) G0V 1C0<\/p>\t\t\t\t\t\t\t\t<\/div>\n\t\t\t\t<\/div>\n\t\t\t\t<div class=\"elementor-element elementor-element-be302ee e-grid-align-left elementor-shape-rounded elementor-grid-0 elementor-widget elementor-widget-social-icons\" data-id=\"be302ee\" data-element_type=\"widget\" data-widget_type=\"social-icons.default\">\n\t\t\t\t<div class=\"elementor-widget-container\">\n\t\t\t\t\t\t\t<div class=\"elementor-social-icons-wrapper elementor-grid\">\n\t\t\t\t\t\t\t<span class=\"elementor-grid-item\">\n\t\t\t\t\t<a class=\"elementor-icon elementor-social-icon elementor-social-icon-facebook elementor-repeater-item-987f67e\" href=\"https:\/\/www.facebook.com\/FGF2015\" target=\"_blank\">\n\t\t\t\t\t\t<span class=\"elementor-screen-only\">Facebook<\/span>\n\t\t\t\t\t\t<i class=\"fab fa-facebook\"><\/i>\t\t\t\t\t<\/a>\n\t\t\t\t<\/span>\n\t\t\t\t\t<\/div>\n\t\t\t\t\t\t<\/div>\n\t\t\t\t<\/div>\n\t\t\t\t\t<\/div>\n\t\t<\/div>\n\t\t\t\t<div class=\"elementor-column elementor-col-66 elementor-top-column elementor-element elementor-element-f622a8e\" data-id=\"f622a8e\" data-element_type=\"column\">\n\t\t\t<div class=\"elementor-widget-wrap elementor-element-populated\">\n\t\t\t\t\t\t<div class=\"elementor-element elementor-element-1c5a11a elementor-widget elementor-widget-image\" data-id=\"1c5a11a\" data-element_type=\"widget\" data-widget_type=\"image.default\">\n\t\t\t\t<div class=\"elementor-widget-container\">\n\t\t\t\t\t\t\t\t\t\t\t\t\t\t\t\t<a href=\"http:\/\/maps.google.ca\/maps\/ms?hl=fr&#038;ie=UTF8&#038;lr=lang_fr&#038;msa=0&#038;msid=115936996768312898319.00044bcb7158a26904d84&#038;ll=48.620091,-71.106986&#038;spn=0.001713,0.003626&#038;source=embed\" target=\"_blank\">\n\t\t\t\t\t\t\t<img fetchpriority=\"high\" decoding=\"async\" width=\"427\" height=\"349\" src=\"https:\/\/festivalfalardeau.com\/portail2\/wp-content\/uploads\/2023\/08\/carte-1.jpg\" class=\"attachment-large size-large wp-image-593\" alt=\"\" srcset=\"https:\/\/festivalfalardeau.com\/portail2\/wp-content\/uploads\/2023\/08\/carte-1.jpg 427w, https:\/\/festivalfalardeau.com\/portail2\/wp-content\/uploads\/2023\/08\/carte-1-300x245.jpg 300w\" sizes=\"100vw\" \/>\t\t\t\t\t\t\t\t<\/a>\n\t\t\t\t\t\t\t\t\t\t\t\t\t\t\t<\/div>\n\t\t\t\t<\/div>\n\t\t\t\t\t<\/div>\n\t\t<\/div>\n\t\t\t\t\t<\/div>\n\t\t<\/section>\n\t\t\t\t<section class=\"elementor-section elementor-top-section elementor-element elementor-element-47db7b5 elementor-section-full_width elementor-section-height-default elementor-section-height-default\" data-id=\"47db7b5\" data-element_type=\"section\">\n\t\t\t\t\t\t<div class=\"elementor-container elementor-column-gap-default\">\n\t\t\t\t\t<div class=\"elementor-column elementor-col-100 elementor-top-column elementor-element elementor-element-bf5b4f1\" data-id=\"bf5b4f1\" data-element_type=\"column\">\n\t\t\t<div class=\"elementor-widget-wrap elementor-element-populated\">\n\t\t\t\t\t\t<div class=\"elementor-element elementor-element-e1a7cd8 elementor-widget elementor-widget-spacer\" data-id=\"e1a7cd8\" data-element_type=\"widget\" data-widget_type=\"spacer.default\">\n\t\t\t\t<div class=\"elementor-widget-container\">\n\t\t\t\t\t\t\t<div class=\"elementor-spacer\">\n\t\t\t<div class=\"elementor-spacer-inner\"><\/div>\n\t\t<\/div>\n\t\t\t\t\t\t<\/div>\n\t\t\t\t<\/div>\n\t\t\t\t\t<\/div>\n\t\t<\/div>\n\t\t\t\t\t<\/div>\n\t\t<\/section>\n\t\t\t\t<section class=\"elementor-section elementor-top-section elementor-element elementor-element-536ae28 elementor-section-full_width elementor-section-height-default elementor-section-height-default\" data-id=\"536ae28\" data-element_type=\"section\" data-settings=\"{&quot;background_background&quot;:&quot;classic&quot;}\">\n\t\t\t\t\t\t<div class=\"elementor-container elementor-column-gap-default\">\n\t\t\t\t\t<div class=\"elementor-column elementor-col-100 elementor-top-column elementor-element elementor-element-9ace6fc\" data-id=\"9ace6fc\" data-element_type=\"column\">\n\t\t\t<div class=\"elementor-widget-wrap elementor-element-populated\">\n\t\t\t\t\t\t<div class=\"elementor-element elementor-element-ae94477 elementor-widget elementor-widget-text-editor\" data-id=\"ae94477\" data-element_type=\"widget\" data-widget_type=\"text-editor.default\">\n\t\t\t\t<div class=\"elementor-widget-container\">\n\t\t\t\t\t\t\t\t\t<p><strong>IL EST POSSIBLE DE CAMPER SUR LE SITE<\/strong><br \/>Acc\u00e8s \u00e0 des emplacements sans service au co\u00fbt de 40 $ pour la fin de semaine.<br \/><i>Pour plus d&rsquo;informations : <br \/>418-540-5700<\/i><\/p><p><strong>Emplacement pour kiosques disponibles<\/strong><br \/><i>Pour plus d&rsquo;informations : <br \/>418-820-6134<\/i><\/p>\t\t\t\t\t\t\t\t<\/div>\n\t\t\t\t<\/div>\n\t\t\t\t\t<\/div>\n\t\t<\/div>\n\t\t\t\t\t<\/div>\n\t\t<\/section>\n\t\t\t\t<section class=\"elementor-section elementor-top-section elementor-element elementor-element-966c18f elementor-section-boxed elementor-section-height-default elementor-section-height-default\" data-id=\"966c18f\" data-element_type=\"section\">\n\t\t\t\t\t\t<div class=\"elementor-container elementor-column-gap-default\">\n\t\t\t\t\t<div class=\"elementor-column elementor-col-100 elementor-top-column elementor-element elementor-element-7ecf50a\" data-id=\"7ecf50a\" data-element_type=\"column\">\n\t\t\t<div class=\"elementor-widget-wrap elementor-element-populated\">\n\t\t\t\t\t\t<div class=\"elementor-element elementor-element-d21f086 elementor-widget elementor-widget-spacer\" data-id=\"d21f086\" data-element_type=\"widget\" data-widget_type=\"spacer.default\">\n\t\t\t\t<div class=\"elementor-widget-container\">\n\t\t\t\t\t\t\t<div class=\"elementor-spacer\">\n\t\t\t<div class=\"elementor-spacer-inner\"><\/div>\n\t\t<\/div>\n\t\t\t\t\t\t<\/div>\n\t\t\t\t<\/div>\n\t\t\t\t\t<\/div>\n\t\t<\/div>\n\t\t\t\t\t<\/div>\n\t\t<\/section>\n\t\t\t\t<\/div>\n\t\t","protected":false},"excerpt":{"rendered":"<p>Information :418-540-5700festivalfalardeau@gmail.com Site du Festival :51 rue du ChaletFalardeau (Qu\u00e9bec) G0V 1C0 Facebook IL EST POSSIBLE DE CAMPER SUR LE SITEAcc\u00e8s \u00e0 des emplacements sans service au co\u00fbt de 40 $ pour la fin de semaine.Pour plus d&rsquo;informations : 418-540-5700 Emplacement pour kiosques disponiblesPour plus d&rsquo;informations : 418-820-6134<\/p>\n","protected":false},"author":1,"featured_media":0,"parent":0,"menu_order":0,"comment_status":"closed","ping_status":"open","template":"","meta":{"footnotes":""},"class_list":["post-329","page","type-page","status-publish","hentry"],"featured_media_urls":[],"_links":{"self":[{"href":"https:\/\/festivalfalardeau.com\/portail2\/wp-json\/wp\/v2\/pages\/329","targetHints":{"allow":["GET"]}}],"collection":[{"href":"https:\/\/festivalfalardeau.com\/portail2\/wp-json\/wp\/v2\/pages"}],"about":[{"href":"https:\/\/festivalfalardeau.com\/portail2\/wp-json\/wp\/v2\/types\/page"}],"author":[{"embeddable":true,"href":"https:\/\/festivalfalardeau.com\/portail2\/wp-json\/wp\/v2\/users\/1"}],"replies":[{"embeddable":true,"href":"https:\/\/festivalfalardeau.com\/portail2\/wp-json\/wp\/v2\/comments?post=329"}],"version-history":[{"count":45,"href":"https:\/\/festivalfalardeau.com\/portail2\/wp-json\/wp\/v2\/pages\/329\/revisions"}],"predecessor-version":[{"id":782,"href":"https:\/\/festivalfalardeau.com\/portail2\/wp-json\/wp\/v2\/pages\/329\/revisions\/782"}],"wp:attachment":[{"href":"https:\/\/festivalfalardeau.com\/portail2\/wp-json\/wp\/v2\/media?parent=329"}],"curies":[{"name":"wp","href":"https:\/\/api.w.org\/{rel}","templated":true}]}}